{"id":203,"date":"2018-02-07T10:26:32","date_gmt":"2018-02-07T10:26:32","guid":{"rendered":"https:\/\/devaro-it.com\/shop\/?post_type=product&#038;p=203"},"modified":"2019-02-13T10:08:15","modified_gmt":"2019-02-13T08:08:15","slug":"wpvp-affilinet-importer","status":"publish","type":"product","link":"https:\/\/devaro-it.com\/shop\/produkt\/wpvp-affilinet-importer\/","title":{"rendered":"wpVP Affilinet Importer"},"content":{"rendered":"<p><b>Hinweis: Dies ist ein Addon Plugin f\u00fcr wpVoucherPro.<\/b><\/p>\n<p>Mit dem Affilinet Importer f\u00fcr wpVoucherPro importierst Du Gutscheine und Partnershops der Affiliate Platform mit wenigen Klicks!<\/p>\n<h3>Verf\u00fcgbare API Einstellungen\/Parameter:<\/h3>\n<p><strong>API E-Mail\/Name\/ID<\/strong><br \/>\n<strong>API-Passwort<\/strong><br \/>\n<strong>Programm ID<\/strong><br \/>Es werden nur Gutscheine dieses Programms zur\u00fcckgegeben.<br \/>\n<strong>Suchanfrage<\/strong><br \/>Es werden nur Gutscheine zur\u00fcckgegeben, die diesen String im Gutscheincode, Titel, Beschreibung, Deeplink oder Inserentennamen enthalten.<br \/>\n<strong>Gutschein-Code<\/strong><br \/>Es werden nur Gutscheine zur\u00fcckgegeben, die diese Zeichenfolge im Gutscheincode enthalten. Wird hier der leere String gesetzt, so werden nur Gutscheine ohne Code zur\u00fcckgegeben. Wird ein Nullwert zugewiesen (=nicht gesetzt), so werden alle Gutscheine zur\u00fcckgegeben, die den anderen Kriterien entsprechen.<br \/>\n<strong>Gutschein-Code Inhalt<\/strong><br \/>Gutscheine k\u00f6nnen mit oder ohne Gutscheincode geliefert werden. Wenn sie keinen Gutscheincode haben, erh\u00e4lt der Kunde den Vorteil automatisch. Mit diesem Parameter k\u00f6nnen Sie die Ergebnisse auf diejenigen Gutscheine beschr\u00e4nken, die einen Gutscheincode haben, oder solche, die keinen Gutscheincode haben.<br \/>\n<strong>Gutschein-Typ<\/strong><br \/>Wenn dieser Parameter angegeben ist, werden nur die Gutscheine zur\u00fcckgegeben, die mit diesem Gutscheintyp gekennzeichnet sind. Wenn dieser Parameter nicht angegeben ist, wird keine Einschr\u00e4nkung bez\u00fcglich des Gutscheintyps vorgenommen.<br \/>\n<strong>Partnerschaftsstatus<\/strong><br \/>Mit diesem Parameter k\u00f6nnen Sie die Gutscheinliste auf diejenigen von Programmen mit dem angegebenen Partnerschaftsstatus filtern. Wenn dieser Parameter nicht angegeben ist, wird keine Einschr\u00e4nkung bez\u00fcglich des Partnerschaftsstatus vorgenommen.<br \/>\n<strong>Mindestbestellwert<\/strong><br \/>Viele Gutscheine k\u00f6nnen nur f\u00fcr Warenk\u00f6rbe verwendet werden, die einen bestimmten Mindestwert \u00fcberschreiten. Wenn Sie diesen Parameter setzen, werden nur solche Gutscheine zur\u00fcckgegeben, deren Mindestbestellwert konfiguriert ist und deren Mindestbestellwert diesen Betrag nicht \u00fcberschreitet.<br \/>\n<strong>Kundeneinschr\u00e4nkung<\/strong><br \/>Einige Gutscheine k\u00f6nnen nur von Neukunden verwendet werden. Mit diesem Parameter k\u00f6nnen Sie die Ergebnisse entweder auf die Gutscheine beschr\u00e4nken, die alle Kunden verwenden k\u00f6nnen, oder auf die Gutscheine, die nur Neukunden verwenden k\u00f6nnen.<br \/>\n<strong>Nur Exklusive<\/strong><br \/>Mit diesem Parameter kann der anfragende Publisher die zur\u00fcckgegebenen Gutscheine auf diejenigen beschr\u00e4nken, bei denen seine Id in der Liste der erlaubten Publisher eingetragen ist.<br \/>\n<strong>Ignorierte Gutschein ID(s)<\/strong><br \/>\n<strong>Ignorierte Shop ID(s)<\/strong><\/p>\n","protected":false},"excerpt":{"rendered":"<p>Hinweis: Dies ist ein Addon Plugin f\u00fcr wpVoucherPro. Mit dem Affilinet Importer f\u00fcr wpVoucherPro importierst Du Gutscheine und Partnershops der Affiliate Platform mit wenigen Klicks! Verf\u00fcgbare API Einstellungen\/Parameter: API E-Mail\/Name\/ID API-Passwort Programm IDEs werden nur Gutscheine dieses Programms zur\u00fcckgegeben. SuchanfrageEs werden nur Gutscheine zur\u00fcckgegeben, die diesen String im Gutscheincode, Titel, Beschreibung, Deeplink oder Inserentennamen enthalten. [&hellip;]<\/p>\n","protected":false},"featured_media":290,"template":"","meta":{"jetpack_publicize_message":"","jetpack_publicize_feature_enabled":true,"jetpack_social_post_already_shared":true,"jetpack_social_options":{"image_generator_settings":{"template":"highway","enabled":false},"version":2}},"product_cat":[42],"product_tag":[],"class_list":{"0":"post-203","1":"product","2":"type-product","3":"status-publish","4":"has-post-thumbnail","6":"product_cat-wpvoucherpro","8":"first","9":"instock","10":"featured","11":"downloadable","12":"virtual","13":"taxable","14":"purchasable","15":"product-type-simple"},"jetpack_publicize_connections":[],"yoast_head":"<!-- This site is optimized with the Yoast SEO plugin v23.5 - https:\/\/yoast.com\/wordpress\/plugins\/seo\/ -->\n<title>wpVP Affilinet Importer - Devaro IT Shop<\/title>\n<meta name=\"robots\" content=\"index, follow, max-snippet:-1, max-image-preview:large, max-video-preview:-1\" \/>\n<link rel=\"canonical\" href=\"https:\/\/devaro-it.com\/shop\/produkt\/wpvp-affilinet-importer\/\" \/>\n<meta property=\"og:locale\" content=\"de_DE\" \/>\n<meta property=\"og:type\" content=\"article\" \/>\n<meta property=\"og:title\" content=\"wpVP Affilinet Importer - Devaro IT Shop\" \/>\n<meta property=\"og:description\" content=\"Hinweis: Dies ist ein Addon Plugin f\u00fcr wpVoucherPro. Mit dem Affilinet Importer f\u00fcr wpVoucherPro importierst Du Gutscheine und Partnershops der Affiliate Platform mit wenigen Klicks! Verf\u00fcgbare API Einstellungen\/Parameter: API E-Mail\/Name\/ID API-Passwort Programm IDEs werden nur Gutscheine dieses Programms zur\u00fcckgegeben. SuchanfrageEs werden nur Gutscheine zur\u00fcckgegeben, die diesen String im Gutscheincode, Titel, Beschreibung, Deeplink oder Inserentennamen enthalten. [&hellip;]\" \/>\n<meta property=\"og:url\" content=\"https:\/\/devaro-it.com\/shop\/produkt\/wpvp-affilinet-importer\/\" \/>\n<meta property=\"og:site_name\" content=\"Devaro IT Shop\" \/>\n<meta property=\"article:modified_time\" content=\"2019-02-13T08:08:15+00:00\" \/>\n<meta property=\"og:image\" content=\"https:\/\/devaro-it.com\/shop\/wp-content\/uploads\/sites\/2\/2018\/02\/affilinet-importer-box.jpg\" \/>\n\t<meta property=\"og:image:width\" content=\"1000\" \/>\n\t<meta property=\"og:image:height\" content=\"1000\" \/>\n\t<meta property=\"og:image:type\" content=\"image\/jpeg\" \/>\n<meta name=\"twitter:card\" content=\"summary_large_image\" \/>\n<meta name=\"twitter:label1\" content=\"Gesch\u00e4tzte Lesezeit\" \/>\n\t<meta name=\"twitter:data1\" content=\"2\u00a0Minuten\" \/>\n<script type=\"application\/ld+json\" class=\"yoast-schema-graph\">{\"@context\":\"https:\/\/schema.org\",\"@graph\":[{\"@type\":\"WebPage\",\"@id\":\"https:\/\/devaro-it.com\/shop\/produkt\/wpvp-affilinet-importer\/\",\"url\":\"https:\/\/devaro-it.com\/shop\/produkt\/wpvp-affilinet-importer\/\",\"name\":\"wpVP Affilinet Importer - Devaro IT Shop\",\"isPartOf\":{\"@id\":\"https:\/\/devaro-it.com\/shop\/#website\"},\"primaryImageOfPage\":{\"@id\":\"https:\/\/devaro-it.com\/shop\/produkt\/wpvp-affilinet-importer\/#primaryimage\"},\"image\":{\"@id\":\"https:\/\/devaro-it.com\/shop\/produkt\/wpvp-affilinet-importer\/#primaryimage\"},\"thumbnailUrl\":\"https:\/\/devaro-it.com\/shop\/wp-content\/uploads\/sites\/2\/2018\/02\/affilinet-importer-box.jpg\",\"datePublished\":\"2018-02-07T10:26:32+00:00\",\"dateModified\":\"2019-02-13T08:08:15+00:00\",\"breadcrumb\":{\"@id\":\"https:\/\/devaro-it.com\/shop\/produkt\/wpvp-affilinet-importer\/#breadcrumb\"},\"inLanguage\":\"de\",\"potentialAction\":[{\"@type\":\"ReadAction\",\"target\":[\"https:\/\/devaro-it.com\/shop\/produkt\/wpvp-affilinet-importer\/\"]}]},{\"@type\":\"ImageObject\",\"inLanguage\":\"de\",\"@id\":\"https:\/\/devaro-it.com\/shop\/produkt\/wpvp-affilinet-importer\/#primaryimage\",\"url\":\"https:\/\/devaro-it.com\/shop\/wp-content\/uploads\/sites\/2\/2018\/02\/affilinet-importer-box.jpg\",\"contentUrl\":\"https:\/\/devaro-it.com\/shop\/wp-content\/uploads\/sites\/2\/2018\/02\/affilinet-importer-box.jpg\",\"width\":1000,\"height\":1000},{\"@type\":\"BreadcrumbList\",\"@id\":\"https:\/\/devaro-it.com\/shop\/produkt\/wpvp-affilinet-importer\/#breadcrumb\",\"itemListElement\":[{\"@type\":\"ListItem\",\"position\":1,\"name\":\"Home\",\"item\":\"https:\/\/devaro-it.com\/shop\/\"},{\"@type\":\"ListItem\",\"position\":2,\"name\":\"Produkte\",\"item\":\"https:\/\/devaro-it.com\/shop\/produkte\/\"},{\"@type\":\"ListItem\",\"position\":3,\"name\":\"wpVP Affilinet Importer\"}]},{\"@type\":\"WebSite\",\"@id\":\"https:\/\/devaro-it.com\/shop\/#website\",\"url\":\"https:\/\/devaro-it.com\/shop\/\",\"name\":\"Devaro IT\",\"description\":\"Devaro IT Shop f\u00fcr digitale Produkte\",\"publisher\":{\"@id\":\"https:\/\/devaro-it.com\/shop\/#organization\"},\"potentialAction\":[{\"@type\":\"SearchAction\",\"target\":{\"@type\":\"EntryPoint\",\"urlTemplate\":\"https:\/\/devaro-it.com\/shop\/?s={search_term_string}\"},\"query-input\":{\"@type\":\"PropertyValueSpecification\",\"valueRequired\":true,\"valueName\":\"search_term_string\"}}],\"inLanguage\":\"de\"},{\"@type\":\"Organization\",\"@id\":\"https:\/\/devaro-it.com\/shop\/#organization\",\"name\":\"Devaro IT\",\"url\":\"https:\/\/devaro-it.com\/shop\/\",\"logo\":{\"@type\":\"ImageObject\",\"inLanguage\":\"de\",\"@id\":\"https:\/\/devaro-it.com\/shop\/#\/schema\/logo\/image\/\",\"url\":\"https:\/\/i0.wp.com\/devaro-it.com\/shop\/wp-content\/uploads\/sites\/2\/2018\/01\/devaro-logo.png?fit=224%2C60&ssl=1\",\"contentUrl\":\"https:\/\/i0.wp.com\/devaro-it.com\/shop\/wp-content\/uploads\/sites\/2\/2018\/01\/devaro-logo.png?fit=224%2C60&ssl=1\",\"width\":224,\"height\":60,\"caption\":\"Devaro IT\"},\"image\":{\"@id\":\"https:\/\/devaro-it.com\/shop\/#\/schema\/logo\/image\/\"}}]}<\/script>\n<!-- \/ Yoast SEO plugin. -->","yoast_head_json":{"title":"wpVP Affilinet Importer - Devaro IT Shop","robots":{"index":"index","follow":"follow","max-snippet":"max-snippet:-1","max-image-preview":"max-image-preview:large","max-video-preview":"max-video-preview:-1"},"canonical":"https:\/\/devaro-it.com\/shop\/produkt\/wpvp-affilinet-importer\/","og_locale":"de_DE","og_type":"article","og_title":"wpVP Affilinet Importer - Devaro IT Shop","og_description":"Hinweis: Dies ist ein Addon Plugin f\u00fcr wpVoucherPro. Mit dem Affilinet Importer f\u00fcr wpVoucherPro importierst Du Gutscheine und Partnershops der Affiliate Platform mit wenigen Klicks! Verf\u00fcgbare API Einstellungen\/Parameter: API E-Mail\/Name\/ID API-Passwort Programm IDEs werden nur Gutscheine dieses Programms zur\u00fcckgegeben. SuchanfrageEs werden nur Gutscheine zur\u00fcckgegeben, die diesen String im Gutscheincode, Titel, Beschreibung, Deeplink oder Inserentennamen enthalten. [&hellip;]","og_url":"https:\/\/devaro-it.com\/shop\/produkt\/wpvp-affilinet-importer\/","og_site_name":"Devaro IT Shop","article_modified_time":"2019-02-13T08:08:15+00:00","og_image":[{"width":1000,"height":1000,"url":"https:\/\/devaro-it.com\/shop\/wp-content\/uploads\/sites\/2\/2018\/02\/affilinet-importer-box.jpg","type":"image\/jpeg"}],"twitter_card":"summary_large_image","twitter_misc":{"Gesch\u00e4tzte Lesezeit":"2\u00a0Minuten"},"schema":{"@context":"https:\/\/schema.org","@graph":[{"@type":"WebPage","@id":"https:\/\/devaro-it.com\/shop\/produkt\/wpvp-affilinet-importer\/","url":"https:\/\/devaro-it.com\/shop\/produkt\/wpvp-affilinet-importer\/","name":"wpVP Affilinet Importer - Devaro IT Shop","isPartOf":{"@id":"https:\/\/devaro-it.com\/shop\/#website"},"primaryImageOfPage":{"@id":"https:\/\/devaro-it.com\/shop\/produkt\/wpvp-affilinet-importer\/#primaryimage"},"image":{"@id":"https:\/\/devaro-it.com\/shop\/produkt\/wpvp-affilinet-importer\/#primaryimage"},"thumbnailUrl":"https:\/\/devaro-it.com\/shop\/wp-content\/uploads\/sites\/2\/2018\/02\/affilinet-importer-box.jpg","datePublished":"2018-02-07T10:26:32+00:00","dateModified":"2019-02-13T08:08:15+00:00","breadcrumb":{"@id":"https:\/\/devaro-it.com\/shop\/produkt\/wpvp-affilinet-importer\/#breadcrumb"},"inLanguage":"de","potentialAction":[{"@type":"ReadAction","target":["https:\/\/devaro-it.com\/shop\/produkt\/wpvp-affilinet-importer\/"]}]},{"@type":"ImageObject","inLanguage":"de","@id":"https:\/\/devaro-it.com\/shop\/produkt\/wpvp-affilinet-importer\/#primaryimage","url":"https:\/\/devaro-it.com\/shop\/wp-content\/uploads\/sites\/2\/2018\/02\/affilinet-importer-box.jpg","contentUrl":"https:\/\/devaro-it.com\/shop\/wp-content\/uploads\/sites\/2\/2018\/02\/affilinet-importer-box.jpg","width":1000,"height":1000},{"@type":"BreadcrumbList","@id":"https:\/\/devaro-it.com\/shop\/produkt\/wpvp-affilinet-importer\/#breadcrumb","itemListElement":[{"@type":"ListItem","position":1,"name":"Home","item":"https:\/\/devaro-it.com\/shop\/"},{"@type":"ListItem","position":2,"name":"Produkte","item":"https:\/\/devaro-it.com\/shop\/produkte\/"},{"@type":"ListItem","position":3,"name":"wpVP Affilinet Importer"}]},{"@type":"WebSite","@id":"https:\/\/devaro-it.com\/shop\/#website","url":"https:\/\/devaro-it.com\/shop\/","name":"Devaro IT","description":"Devaro IT Shop f\u00fcr digitale Produkte","publisher":{"@id":"https:\/\/devaro-it.com\/shop\/#organization"},"potentialAction":[{"@type":"SearchAction","target":{"@type":"EntryPoint","urlTemplate":"https:\/\/devaro-it.com\/shop\/?s={search_term_string}"},"query-input":{"@type":"PropertyValueSpecification","valueRequired":true,"valueName":"search_term_string"}}],"inLanguage":"de"},{"@type":"Organization","@id":"https:\/\/devaro-it.com\/shop\/#organization","name":"Devaro IT","url":"https:\/\/devaro-it.com\/shop\/","logo":{"@type":"ImageObject","inLanguage":"de","@id":"https:\/\/devaro-it.com\/shop\/#\/schema\/logo\/image\/","url":"https:\/\/i0.wp.com\/devaro-it.com\/shop\/wp-content\/uploads\/sites\/2\/2018\/01\/devaro-logo.png?fit=224%2C60&ssl=1","contentUrl":"https:\/\/i0.wp.com\/devaro-it.com\/shop\/wp-content\/uploads\/sites\/2\/2018\/01\/devaro-logo.png?fit=224%2C60&ssl=1","width":224,"height":60,"caption":"Devaro IT"},"image":{"@id":"https:\/\/devaro-it.com\/shop\/#\/schema\/logo\/image\/"}}]}},"_links":{"self":[{"href":"https:\/\/devaro-it.com\/shop\/wp-json\/wp\/v2\/product\/203"}],"collection":[{"href":"https:\/\/devaro-it.com\/shop\/wp-json\/wp\/v2\/product"}],"about":[{"href":"https:\/\/devaro-it.com\/shop\/wp-json\/wp\/v2\/types\/product"}],"wp:featuredmedia":[{"embeddable":true,"href":"https:\/\/devaro-it.com\/shop\/wp-json\/wp\/v2\/media\/290"}],"wp:attachment":[{"href":"https:\/\/devaro-it.com\/shop\/wp-json\/wp\/v2\/media?parent=203"}],"wp:term":[{"taxonomy":"product_cat","embeddable":true,"href":"https:\/\/devaro-it.com\/shop\/wp-json\/wp\/v2\/product_cat?post=203"},{"taxonomy":"product_tag","embeddable":true,"href":"https:\/\/devaro-it.com\/shop\/wp-json\/wp\/v2\/product_tag?post=203"}],"curies":[{"name":"wp","href":"https:\/\/api.w.org\/{rel}","templated":true}]}}