{"id":206,"date":"2018-02-07T10:34:26","date_gmt":"2018-02-07T10:34:26","guid":{"rendered":"https:\/\/devaro-it.com\/shop\/?post_type=product&#038;p=206"},"modified":"2020-06-08T10:10:04","modified_gmt":"2020-06-08T08:10:04","slug":"wpvp-belboon-importer","status":"publish","type":"product","link":"https:\/\/devaro-it.com\/shop\/produkt\/wpvp-belboon-importer\/","title":{"rendered":"wpVP Belboon Importer"},"content":{"rendered":"<p><b>Hinweis: Dies ist ein Addon Plugin f\u00fcr wpVoucherPro.<\/b><\/p>\n<p>Mit dem Belboon Importer f\u00fcr wpVoucherPro importierst Du Gutscheine und Partnershops der Affiliate Platform mit wenigen Klicks!<br \/>\nVersion 2.0.4 unterst\u00fctzt das neue Belboon UI (https:\/\/partner.service.belboon.com\/).<\/p>\n<h3>Verf\u00fcgbare API Einstellungen:<\/h3>\n<p><strong>API E-Mail\/Name\/ID<\/strong><br \/>\n<strong>API-Passwort<\/strong><br \/>\n<strong>Werbeplattform-ID<\/strong><br \/>Beschr\u00e4nkt die Auswahl der Gutscheincodes auf die Programme, die eine Partnerschaft mit der jeweiligen Plattform haben.<br \/>\n<strong>Status der Partnerschaft<\/strong><br \/>True: Es werden nur Gutscheincodes von Partnern zur\u00fcckgegeben, mit denen bereits eine Partnerschaft besteht. False: Alle bei belboon verf\u00fcgbaren Gutscheincodes werden zur\u00fcckgegeben.<br \/>\n<strong>Ignorierte Gutschein ID(s)<\/strong><br \/>\n<strong>Ignorierte Shop ID(s)<\/strong><\/p>\n","protected":false},"excerpt":{"rendered":"<p>Hinweis: Dies ist ein Addon Plugin f\u00fcr wpVoucherPro. Mit dem Belboon Importer f\u00fcr wpVoucherPro importierst Du Gutscheine und Partnershops der Affiliate Platform mit wenigen Klicks! Version 2.0.4 unterst\u00fctzt das neue Belboon UI (https:\/\/partner.service.belboon.com\/). Verf\u00fcgbare API Einstellungen: API E-Mail\/Name\/ID API-Passwort Werbeplattform-IDBeschr\u00e4nkt die Auswahl der Gutscheincodes auf die Programme, die eine Partnerschaft mit der jeweiligen Plattform haben. [&hellip;]<\/p>\n","protected":false},"featured_media":292,"template":"","meta":{"jetpack_publicize_message":"","jetpack_publicize_feature_enabled":true,"jetpack_social_post_already_shared":true,"jetpack_social_options":{"image_generator_settings":{"template":"highway","enabled":false},"version":2}},"product_cat":[42],"product_tag":[],"class_list":{"0":"post-206","1":"product","2":"type-product","3":"status-publish","4":"has-post-thumbnail","6":"product_cat-wpvoucherpro","8":"first","9":"instock","10":"downloadable","11":"virtual","12":"taxable","13":"purchasable","14":"product-type-simple"},"jetpack_publicize_connections":[],"yoast_head":"<!-- This site is optimized with the Yoast SEO plugin v23.5 - https:\/\/yoast.com\/wordpress\/plugins\/seo\/ -->\n<title>wpVP Belboon Importer - Devaro IT Shop<\/title>\n<meta name=\"robots\" content=\"index, follow, max-snippet:-1, max-image-preview:large, max-video-preview:-1\" \/>\n<link rel=\"canonical\" href=\"https:\/\/devaro-it.com\/shop\/produkt\/wpvp-belboon-importer\/\" \/>\n<meta property=\"og:locale\" content=\"de_DE\" \/>\n<meta property=\"og:type\" content=\"article\" \/>\n<meta property=\"og:title\" content=\"wpVP Belboon Importer - Devaro IT Shop\" \/>\n<meta property=\"og:description\" content=\"Hinweis: Dies ist ein Addon Plugin f\u00fcr wpVoucherPro. Mit dem Belboon Importer f\u00fcr wpVoucherPro importierst Du Gutscheine und Partnershops der Affiliate Platform mit wenigen Klicks! Version 2.0.4 unterst\u00fctzt das neue Belboon UI (https:\/\/partner.service.belboon.com\/). Verf\u00fcgbare API Einstellungen: API E-Mail\/Name\/ID API-Passwort Werbeplattform-IDBeschr\u00e4nkt die Auswahl der Gutscheincodes auf die Programme, die eine Partnerschaft mit der jeweiligen Plattform haben. [&hellip;]\" \/>\n<meta property=\"og:url\" content=\"https:\/\/devaro-it.com\/shop\/produkt\/wpvp-belboon-importer\/\" \/>\n<meta property=\"og:site_name\" content=\"Devaro IT Shop\" \/>\n<meta property=\"article:modified_time\" content=\"2020-06-08T08:10:04+00:00\" \/>\n<meta property=\"og:image\" content=\"https:\/\/devaro-it.com\/shop\/wp-content\/uploads\/sites\/2\/2018\/02\/belboon-importer-box.jpg\" \/>\n\t<meta property=\"og:image:width\" content=\"1000\" \/>\n\t<meta property=\"og:image:height\" content=\"1000\" \/>\n\t<meta property=\"og:image:type\" content=\"image\/jpeg\" \/>\n<meta name=\"twitter:card\" content=\"summary_large_image\" \/>\n<meta name=\"twitter:label1\" content=\"Gesch\u00e4tzte Lesezeit\" \/>\n\t<meta name=\"twitter:data1\" content=\"1\u00a0Minute\" \/>\n<script type=\"application\/ld+json\" class=\"yoast-schema-graph\">{\"@context\":\"https:\/\/schema.org\",\"@graph\":[{\"@type\":\"WebPage\",\"@id\":\"https:\/\/devaro-it.com\/shop\/produkt\/wpvp-belboon-importer\/\",\"url\":\"https:\/\/devaro-it.com\/shop\/produkt\/wpvp-belboon-importer\/\",\"name\":\"wpVP Belboon Importer - Devaro IT Shop\",\"isPartOf\":{\"@id\":\"https:\/\/devaro-it.com\/shop\/#website\"},\"primaryImageOfPage\":{\"@id\":\"https:\/\/devaro-it.com\/shop\/produkt\/wpvp-belboon-importer\/#primaryimage\"},\"image\":{\"@id\":\"https:\/\/devaro-it.com\/shop\/produkt\/wpvp-belboon-importer\/#primaryimage\"},\"thumbnailUrl\":\"https:\/\/devaro-it.com\/shop\/wp-content\/uploads\/sites\/2\/2018\/02\/belboon-importer-box.jpg\",\"datePublished\":\"2018-02-07T10:34:26+00:00\",\"dateModified\":\"2020-06-08T08:10:04+00:00\",\"breadcrumb\":{\"@id\":\"https:\/\/devaro-it.com\/shop\/produkt\/wpvp-belboon-importer\/#breadcrumb\"},\"inLanguage\":\"de\",\"potentialAction\":[{\"@type\":\"ReadAction\",\"target\":[\"https:\/\/devaro-it.com\/shop\/produkt\/wpvp-belboon-importer\/\"]}]},{\"@type\":\"ImageObject\",\"inLanguage\":\"de\",\"@id\":\"https:\/\/devaro-it.com\/shop\/produkt\/wpvp-belboon-importer\/#primaryimage\",\"url\":\"https:\/\/devaro-it.com\/shop\/wp-content\/uploads\/sites\/2\/2018\/02\/belboon-importer-box.jpg\",\"contentUrl\":\"https:\/\/devaro-it.com\/shop\/wp-content\/uploads\/sites\/2\/2018\/02\/belboon-importer-box.jpg\",\"width\":1000,\"height\":1000},{\"@type\":\"BreadcrumbList\",\"@id\":\"https:\/\/devaro-it.com\/shop\/produkt\/wpvp-belboon-importer\/#breadcrumb\",\"itemListElement\":[{\"@type\":\"ListItem\",\"position\":1,\"name\":\"Home\",\"item\":\"https:\/\/devaro-it.com\/shop\/\"},{\"@type\":\"ListItem\",\"position\":2,\"name\":\"Produkte\",\"item\":\"https:\/\/devaro-it.com\/shop\/produkte\/\"},{\"@type\":\"ListItem\",\"position\":3,\"name\":\"wpVP Belboon Importer\"}]},{\"@type\":\"WebSite\",\"@id\":\"https:\/\/devaro-it.com\/shop\/#website\",\"url\":\"https:\/\/devaro-it.com\/shop\/\",\"name\":\"Devaro IT\",\"description\":\"Devaro IT Shop f\u00fcr digitale Produkte\",\"publisher\":{\"@id\":\"https:\/\/devaro-it.com\/shop\/#organization\"},\"potentialAction\":[{\"@type\":\"SearchAction\",\"target\":{\"@type\":\"EntryPoint\",\"urlTemplate\":\"https:\/\/devaro-it.com\/shop\/?s={search_term_string}\"},\"query-input\":{\"@type\":\"PropertyValueSpecification\",\"valueRequired\":true,\"valueName\":\"search_term_string\"}}],\"inLanguage\":\"de\"},{\"@type\":\"Organization\",\"@id\":\"https:\/\/devaro-it.com\/shop\/#organization\",\"name\":\"Devaro IT\",\"url\":\"https:\/\/devaro-it.com\/shop\/\",\"logo\":{\"@type\":\"ImageObject\",\"inLanguage\":\"de\",\"@id\":\"https:\/\/devaro-it.com\/shop\/#\/schema\/logo\/image\/\",\"url\":\"https:\/\/i0.wp.com\/devaro-it.com\/shop\/wp-content\/uploads\/sites\/2\/2018\/01\/devaro-logo.png?fit=224%2C60&ssl=1\",\"contentUrl\":\"https:\/\/i0.wp.com\/devaro-it.com\/shop\/wp-content\/uploads\/sites\/2\/2018\/01\/devaro-logo.png?fit=224%2C60&ssl=1\",\"width\":224,\"height\":60,\"caption\":\"Devaro IT\"},\"image\":{\"@id\":\"https:\/\/devaro-it.com\/shop\/#\/schema\/logo\/image\/\"}}]}<\/script>\n<!-- \/ Yoast SEO plugin. -->","yoast_head_json":{"title":"wpVP Belboon Importer - Devaro IT Shop","robots":{"index":"index","follow":"follow","max-snippet":"max-snippet:-1","max-image-preview":"max-image-preview:large","max-video-preview":"max-video-preview:-1"},"canonical":"https:\/\/devaro-it.com\/shop\/produkt\/wpvp-belboon-importer\/","og_locale":"de_DE","og_type":"article","og_title":"wpVP Belboon Importer - Devaro IT Shop","og_description":"Hinweis: Dies ist ein Addon Plugin f\u00fcr wpVoucherPro. Mit dem Belboon Importer f\u00fcr wpVoucherPro importierst Du Gutscheine und Partnershops der Affiliate Platform mit wenigen Klicks! Version 2.0.4 unterst\u00fctzt das neue Belboon UI (https:\/\/partner.service.belboon.com\/). Verf\u00fcgbare API Einstellungen: API E-Mail\/Name\/ID API-Passwort Werbeplattform-IDBeschr\u00e4nkt die Auswahl der Gutscheincodes auf die Programme, die eine Partnerschaft mit der jeweiligen Plattform haben. [&hellip;]","og_url":"https:\/\/devaro-it.com\/shop\/produkt\/wpvp-belboon-importer\/","og_site_name":"Devaro IT Shop","article_modified_time":"2020-06-08T08:10:04+00:00","og_image":[{"width":1000,"height":1000,"url":"https:\/\/devaro-it.com\/shop\/wp-content\/uploads\/sites\/2\/2018\/02\/belboon-importer-box.jpg","type":"image\/jpeg"}],"twitter_card":"summary_large_image","twitter_misc":{"Gesch\u00e4tzte Lesezeit":"1\u00a0Minute"},"schema":{"@context":"https:\/\/schema.org","@graph":[{"@type":"WebPage","@id":"https:\/\/devaro-it.com\/shop\/produkt\/wpvp-belboon-importer\/","url":"https:\/\/devaro-it.com\/shop\/produkt\/wpvp-belboon-importer\/","name":"wpVP Belboon Importer - Devaro IT Shop","isPartOf":{"@id":"https:\/\/devaro-it.com\/shop\/#website"},"primaryImageOfPage":{"@id":"https:\/\/devaro-it.com\/shop\/produkt\/wpvp-belboon-importer\/#primaryimage"},"image":{"@id":"https:\/\/devaro-it.com\/shop\/produkt\/wpvp-belboon-importer\/#primaryimage"},"thumbnailUrl":"https:\/\/devaro-it.com\/shop\/wp-content\/uploads\/sites\/2\/2018\/02\/belboon-importer-box.jpg","datePublished":"2018-02-07T10:34:26+00:00","dateModified":"2020-06-08T08:10:04+00:00","breadcrumb":{"@id":"https:\/\/devaro-it.com\/shop\/produkt\/wpvp-belboon-importer\/#breadcrumb"},"inLanguage":"de","potentialAction":[{"@type":"ReadAction","target":["https:\/\/devaro-it.com\/shop\/produkt\/wpvp-belboon-importer\/"]}]},{"@type":"ImageObject","inLanguage":"de","@id":"https:\/\/devaro-it.com\/shop\/produkt\/wpvp-belboon-importer\/#primaryimage","url":"https:\/\/devaro-it.com\/shop\/wp-content\/uploads\/sites\/2\/2018\/02\/belboon-importer-box.jpg","contentUrl":"https:\/\/devaro-it.com\/shop\/wp-content\/uploads\/sites\/2\/2018\/02\/belboon-importer-box.jpg","width":1000,"height":1000},{"@type":"BreadcrumbList","@id":"https:\/\/devaro-it.com\/shop\/produkt\/wpvp-belboon-importer\/#breadcrumb","itemListElement":[{"@type":"ListItem","position":1,"name":"Home","item":"https:\/\/devaro-it.com\/shop\/"},{"@type":"ListItem","position":2,"name":"Produkte","item":"https:\/\/devaro-it.com\/shop\/produkte\/"},{"@type":"ListItem","position":3,"name":"wpVP Belboon Importer"}]},{"@type":"WebSite","@id":"https:\/\/devaro-it.com\/shop\/#website","url":"https:\/\/devaro-it.com\/shop\/","name":"Devaro IT","description":"Devaro IT Shop f\u00fcr digitale Produkte","publisher":{"@id":"https:\/\/devaro-it.com\/shop\/#organization"},"potentialAction":[{"@type":"SearchAction","target":{"@type":"EntryPoint","urlTemplate":"https:\/\/devaro-it.com\/shop\/?s={search_term_string}"},"query-input":{"@type":"PropertyValueSpecification","valueRequired":true,"valueName":"search_term_string"}}],"inLanguage":"de"},{"@type":"Organization","@id":"https:\/\/devaro-it.com\/shop\/#organization","name":"Devaro IT","url":"https:\/\/devaro-it.com\/shop\/","logo":{"@type":"ImageObject","inLanguage":"de","@id":"https:\/\/devaro-it.com\/shop\/#\/schema\/logo\/image\/","url":"https:\/\/i0.wp.com\/devaro-it.com\/shop\/wp-content\/uploads\/sites\/2\/2018\/01\/devaro-logo.png?fit=224%2C60&ssl=1","contentUrl":"https:\/\/i0.wp.com\/devaro-it.com\/shop\/wp-content\/uploads\/sites\/2\/2018\/01\/devaro-logo.png?fit=224%2C60&ssl=1","width":224,"height":60,"caption":"Devaro IT"},"image":{"@id":"https:\/\/devaro-it.com\/shop\/#\/schema\/logo\/image\/"}}]}},"_links":{"self":[{"href":"https:\/\/devaro-it.com\/shop\/wp-json\/wp\/v2\/product\/206"}],"collection":[{"href":"https:\/\/devaro-it.com\/shop\/wp-json\/wp\/v2\/product"}],"about":[{"href":"https:\/\/devaro-it.com\/shop\/wp-json\/wp\/v2\/types\/product"}],"wp:featuredmedia":[{"embeddable":true,"href":"https:\/\/devaro-it.com\/shop\/wp-json\/wp\/v2\/media\/292"}],"wp:attachment":[{"href":"https:\/\/devaro-it.com\/shop\/wp-json\/wp\/v2\/media?parent=206"}],"wp:term":[{"taxonomy":"product_cat","embeddable":true,"href":"https:\/\/devaro-it.com\/shop\/wp-json\/wp\/v2\/product_cat?post=206"},{"taxonomy":"product_tag","embeddable":true,"href":"https:\/\/devaro-it.com\/shop\/wp-json\/wp\/v2\/product_tag?post=206"}],"curies":[{"name":"wp","href":"https:\/\/api.w.org\/{rel}","templated":true}]}}