{"id":207,"date":"2018-02-07T10:38:19","date_gmt":"2018-02-07T10:38:19","guid":{"rendered":"https:\/\/devaro-it.com\/shop\/?post_type=product&#038;p=207"},"modified":"2019-02-13T10:07:51","modified_gmt":"2019-02-13T08:07:51","slug":"wpvp-tradedoubler-importer","status":"publish","type":"product","link":"https:\/\/devaro-it.com\/shop\/produkt\/wpvp-tradedoubler-importer\/","title":{"rendered":"wpVP Tradedoubler Importer"},"content":{"rendered":"<p><b>Hinweis: Dies ist ein Addon Plugin f\u00fcr wpVoucherPro.<\/b><\/p>\n<p>Mit dem Tradedoubler Importer f\u00fcr wpVoucherPro importierst Du Gutscheine und Partnershops der Affiliate Platform mit wenigen Klicks!<\/p>\n<h3>Verf\u00fcgbare API Einstellungen:<\/h3>\n<p><strong>API Token<\/strong><br \/>\n<strong>Gutschein ID<\/strong><br \/>Prim\u00e4rschl\u00fcssel des Gutscheins.<br \/>\n<strong>Programm ID<\/strong><br \/>Prim\u00e4rschl\u00fcssel des Programms, dem der Gutschein entspricht.<br \/>\n<strong>Schl\u00fcsselw\u00f6rter<\/strong><br \/>Entspricht Titel, Beschreibung, Kurzbeschreibung und Code.<br \/>\n<strong>Gutscheintypen<\/strong><br \/>Prim\u00e4rschl\u00fcssel des Typs.<br \/>\n<strong>Seitenspezifisch<\/strong><br \/>Auf True setzen, wenn Sie nur Ihre exklusiven Gutscheincodes erhalten m\u00f6chten.<br \/>\n<strong>Sprachen ID<\/strong><br \/>Geben Sie einen ISO 639-1-Code ein, um nach Sprache zu filtern.<br \/>\n<strong>Ignorierte Gutschein ID(s)<\/strong><br \/>\n<strong>Ignorierte Shop ID(s)<\/strong><\/p>\n","protected":false},"excerpt":{"rendered":"<p>Hinweis: Dies ist ein Addon Plugin f\u00fcr wpVoucherPro. Mit dem Tradedoubler Importer f\u00fcr wpVoucherPro importierst Du Gutscheine und Partnershops der Affiliate Platform mit wenigen Klicks! Verf\u00fcgbare API Einstellungen: API Token Gutschein IDPrim\u00e4rschl\u00fcssel des Gutscheins. Programm IDPrim\u00e4rschl\u00fcssel des Programms, dem der Gutschein entspricht. Schl\u00fcsselw\u00f6rterEntspricht Titel, Beschreibung, Kurzbeschreibung und Code. GutscheintypenPrim\u00e4rschl\u00fcssel des Typs. SeitenspezifischAuf True setzen, wenn [&hellip;]<\/p>\n","protected":false},"featured_media":293,"template":"","meta":{"jetpack_publicize_message":"","jetpack_publicize_feature_enabled":true,"jetpack_social_post_already_shared":true,"jetpack_social_options":{"image_generator_settings":{"template":"highway","enabled":false},"version":2}},"product_cat":[42],"product_tag":[],"class_list":{"0":"post-207","1":"product","2":"type-product","3":"status-publish","4":"has-post-thumbnail","6":"product_cat-wpvoucherpro","8":"first","9":"instock","10":"downloadable","11":"virtual","12":"taxable","13":"purchasable","14":"product-type-simple"},"jetpack_publicize_connections":[],"yoast_head":"<!-- This site is optimized with the Yoast SEO plugin v23.5 - https:\/\/yoast.com\/wordpress\/plugins\/seo\/ -->\n<title>wpVP Tradedoubler Importer - Devaro IT Shop<\/title>\n<meta name=\"robots\" content=\"index, follow, max-snippet:-1, max-image-preview:large, max-video-preview:-1\" \/>\n<link rel=\"canonical\" href=\"https:\/\/devaro-it.com\/shop\/produkt\/wpvp-tradedoubler-importer\/\" \/>\n<meta property=\"og:locale\" content=\"de_DE\" \/>\n<meta property=\"og:type\" content=\"article\" \/>\n<meta property=\"og:title\" content=\"wpVP Tradedoubler Importer - Devaro IT Shop\" \/>\n<meta property=\"og:description\" content=\"Hinweis: Dies ist ein Addon Plugin f\u00fcr wpVoucherPro. Mit dem Tradedoubler Importer f\u00fcr wpVoucherPro importierst Du Gutscheine und Partnershops der Affiliate Platform mit wenigen Klicks! Verf\u00fcgbare API Einstellungen: API Token Gutschein IDPrim\u00e4rschl\u00fcssel des Gutscheins. Programm IDPrim\u00e4rschl\u00fcssel des Programms, dem der Gutschein entspricht. Schl\u00fcsselw\u00f6rterEntspricht Titel, Beschreibung, Kurzbeschreibung und Code. GutscheintypenPrim\u00e4rschl\u00fcssel des Typs. SeitenspezifischAuf True setzen, wenn [&hellip;]\" \/>\n<meta property=\"og:url\" content=\"https:\/\/devaro-it.com\/shop\/produkt\/wpvp-tradedoubler-importer\/\" \/>\n<meta property=\"og:site_name\" content=\"Devaro IT Shop\" \/>\n<meta property=\"article:modified_time\" content=\"2019-02-13T08:07:51+00:00\" \/>\n<meta property=\"og:image\" content=\"https:\/\/devaro-it.com\/shop\/wp-content\/uploads\/sites\/2\/2018\/02\/tradedoubler-importer-box.jpg\" \/>\n\t<meta property=\"og:image:width\" content=\"1000\" \/>\n\t<meta property=\"og:image:height\" content=\"1000\" \/>\n\t<meta property=\"og:image:type\" content=\"image\/jpeg\" \/>\n<meta name=\"twitter:card\" content=\"summary_large_image\" \/>\n<script type=\"application\/ld+json\" class=\"yoast-schema-graph\">{\"@context\":\"https:\/\/schema.org\",\"@graph\":[{\"@type\":\"WebPage\",\"@id\":\"https:\/\/devaro-it.com\/shop\/produkt\/wpvp-tradedoubler-importer\/\",\"url\":\"https:\/\/devaro-it.com\/shop\/produkt\/wpvp-tradedoubler-importer\/\",\"name\":\"wpVP Tradedoubler Importer - Devaro IT Shop\",\"isPartOf\":{\"@id\":\"https:\/\/devaro-it.com\/shop\/#website\"},\"primaryImageOfPage\":{\"@id\":\"https:\/\/devaro-it.com\/shop\/produkt\/wpvp-tradedoubler-importer\/#primaryimage\"},\"image\":{\"@id\":\"https:\/\/devaro-it.com\/shop\/produkt\/wpvp-tradedoubler-importer\/#primaryimage\"},\"thumbnailUrl\":\"https:\/\/devaro-it.com\/shop\/wp-content\/uploads\/sites\/2\/2018\/02\/tradedoubler-importer-box.jpg\",\"datePublished\":\"2018-02-07T10:38:19+00:00\",\"dateModified\":\"2019-02-13T08:07:51+00:00\",\"breadcrumb\":{\"@id\":\"https:\/\/devaro-it.com\/shop\/produkt\/wpvp-tradedoubler-importer\/#breadcrumb\"},\"inLanguage\":\"de\",\"potentialAction\":[{\"@type\":\"ReadAction\",\"target\":[\"https:\/\/devaro-it.com\/shop\/produkt\/wpvp-tradedoubler-importer\/\"]}]},{\"@type\":\"ImageObject\",\"inLanguage\":\"de\",\"@id\":\"https:\/\/devaro-it.com\/shop\/produkt\/wpvp-tradedoubler-importer\/#primaryimage\",\"url\":\"https:\/\/devaro-it.com\/shop\/wp-content\/uploads\/sites\/2\/2018\/02\/tradedoubler-importer-box.jpg\",\"contentUrl\":\"https:\/\/devaro-it.com\/shop\/wp-content\/uploads\/sites\/2\/2018\/02\/tradedoubler-importer-box.jpg\",\"width\":1000,\"height\":1000},{\"@type\":\"BreadcrumbList\",\"@id\":\"https:\/\/devaro-it.com\/shop\/produkt\/wpvp-tradedoubler-importer\/#breadcrumb\",\"itemListElement\":[{\"@type\":\"ListItem\",\"position\":1,\"name\":\"Home\",\"item\":\"https:\/\/devaro-it.com\/shop\/\"},{\"@type\":\"ListItem\",\"position\":2,\"name\":\"Produkte\",\"item\":\"https:\/\/devaro-it.com\/shop\/produkte\/\"},{\"@type\":\"ListItem\",\"position\":3,\"name\":\"wpVP Tradedoubler Importer\"}]},{\"@type\":\"WebSite\",\"@id\":\"https:\/\/devaro-it.com\/shop\/#website\",\"url\":\"https:\/\/devaro-it.com\/shop\/\",\"name\":\"Devaro IT\",\"description\":\"Devaro IT Shop f\u00fcr digitale Produkte\",\"publisher\":{\"@id\":\"https:\/\/devaro-it.com\/shop\/#organization\"},\"potentialAction\":[{\"@type\":\"SearchAction\",\"target\":{\"@type\":\"EntryPoint\",\"urlTemplate\":\"https:\/\/devaro-it.com\/shop\/?s={search_term_string}\"},\"query-input\":{\"@type\":\"PropertyValueSpecification\",\"valueRequired\":true,\"valueName\":\"search_term_string\"}}],\"inLanguage\":\"de\"},{\"@type\":\"Organization\",\"@id\":\"https:\/\/devaro-it.com\/shop\/#organization\",\"name\":\"Devaro IT\",\"url\":\"https:\/\/devaro-it.com\/shop\/\",\"logo\":{\"@type\":\"ImageObject\",\"inLanguage\":\"de\",\"@id\":\"https:\/\/devaro-it.com\/shop\/#\/schema\/logo\/image\/\",\"url\":\"https:\/\/i0.wp.com\/devaro-it.com\/shop\/wp-content\/uploads\/sites\/2\/2018\/01\/devaro-logo.png?fit=224%2C60&ssl=1\",\"contentUrl\":\"https:\/\/i0.wp.com\/devaro-it.com\/shop\/wp-content\/uploads\/sites\/2\/2018\/01\/devaro-logo.png?fit=224%2C60&ssl=1\",\"width\":224,\"height\":60,\"caption\":\"Devaro IT\"},\"image\":{\"@id\":\"https:\/\/devaro-it.com\/shop\/#\/schema\/logo\/image\/\"}}]}<\/script>\n<!-- \/ Yoast SEO plugin. -->","yoast_head_json":{"title":"wpVP Tradedoubler Importer - Devaro IT Shop","robots":{"index":"index","follow":"follow","max-snippet":"max-snippet:-1","max-image-preview":"max-image-preview:large","max-video-preview":"max-video-preview:-1"},"canonical":"https:\/\/devaro-it.com\/shop\/produkt\/wpvp-tradedoubler-importer\/","og_locale":"de_DE","og_type":"article","og_title":"wpVP Tradedoubler Importer - Devaro IT Shop","og_description":"Hinweis: Dies ist ein Addon Plugin f\u00fcr wpVoucherPro. Mit dem Tradedoubler Importer f\u00fcr wpVoucherPro importierst Du Gutscheine und Partnershops der Affiliate Platform mit wenigen Klicks! Verf\u00fcgbare API Einstellungen: API Token Gutschein IDPrim\u00e4rschl\u00fcssel des Gutscheins. Programm IDPrim\u00e4rschl\u00fcssel des Programms, dem der Gutschein entspricht. Schl\u00fcsselw\u00f6rterEntspricht Titel, Beschreibung, Kurzbeschreibung und Code. GutscheintypenPrim\u00e4rschl\u00fcssel des Typs. SeitenspezifischAuf True setzen, wenn [&hellip;]","og_url":"https:\/\/devaro-it.com\/shop\/produkt\/wpvp-tradedoubler-importer\/","og_site_name":"Devaro IT Shop","article_modified_time":"2019-02-13T08:07:51+00:00","og_image":[{"width":1000,"height":1000,"url":"https:\/\/devaro-it.com\/shop\/wp-content\/uploads\/sites\/2\/2018\/02\/tradedoubler-importer-box.jpg","type":"image\/jpeg"}],"twitter_card":"summary_large_image","schema":{"@context":"https:\/\/schema.org","@graph":[{"@type":"WebPage","@id":"https:\/\/devaro-it.com\/shop\/produkt\/wpvp-tradedoubler-importer\/","url":"https:\/\/devaro-it.com\/shop\/produkt\/wpvp-tradedoubler-importer\/","name":"wpVP Tradedoubler Importer - Devaro IT Shop","isPartOf":{"@id":"https:\/\/devaro-it.com\/shop\/#website"},"primaryImageOfPage":{"@id":"https:\/\/devaro-it.com\/shop\/produkt\/wpvp-tradedoubler-importer\/#primaryimage"},"image":{"@id":"https:\/\/devaro-it.com\/shop\/produkt\/wpvp-tradedoubler-importer\/#primaryimage"},"thumbnailUrl":"https:\/\/devaro-it.com\/shop\/wp-content\/uploads\/sites\/2\/2018\/02\/tradedoubler-importer-box.jpg","datePublished":"2018-02-07T10:38:19+00:00","dateModified":"2019-02-13T08:07:51+00:00","breadcrumb":{"@id":"https:\/\/devaro-it.com\/shop\/produkt\/wpvp-tradedoubler-importer\/#breadcrumb"},"inLanguage":"de","potentialAction":[{"@type":"ReadAction","target":["https:\/\/devaro-it.com\/shop\/produkt\/wpvp-tradedoubler-importer\/"]}]},{"@type":"ImageObject","inLanguage":"de","@id":"https:\/\/devaro-it.com\/shop\/produkt\/wpvp-tradedoubler-importer\/#primaryimage","url":"https:\/\/devaro-it.com\/shop\/wp-content\/uploads\/sites\/2\/2018\/02\/tradedoubler-importer-box.jpg","contentUrl":"https:\/\/devaro-it.com\/shop\/wp-content\/uploads\/sites\/2\/2018\/02\/tradedoubler-importer-box.jpg","width":1000,"height":1000},{"@type":"BreadcrumbList","@id":"https:\/\/devaro-it.com\/shop\/produkt\/wpvp-tradedoubler-importer\/#breadcrumb","itemListElement":[{"@type":"ListItem","position":1,"name":"Home","item":"https:\/\/devaro-it.com\/shop\/"},{"@type":"ListItem","position":2,"name":"Produkte","item":"https:\/\/devaro-it.com\/shop\/produkte\/"},{"@type":"ListItem","position":3,"name":"wpVP Tradedoubler Importer"}]},{"@type":"WebSite","@id":"https:\/\/devaro-it.com\/shop\/#website","url":"https:\/\/devaro-it.com\/shop\/","name":"Devaro IT","description":"Devaro IT Shop f\u00fcr digitale Produkte","publisher":{"@id":"https:\/\/devaro-it.com\/shop\/#organization"},"potentialAction":[{"@type":"SearchAction","target":{"@type":"EntryPoint","urlTemplate":"https:\/\/devaro-it.com\/shop\/?s={search_term_string}"},"query-input":{"@type":"PropertyValueSpecification","valueRequired":true,"valueName":"search_term_string"}}],"inLanguage":"de"},{"@type":"Organization","@id":"https:\/\/devaro-it.com\/shop\/#organization","name":"Devaro IT","url":"https:\/\/devaro-it.com\/shop\/","logo":{"@type":"ImageObject","inLanguage":"de","@id":"https:\/\/devaro-it.com\/shop\/#\/schema\/logo\/image\/","url":"https:\/\/i0.wp.com\/devaro-it.com\/shop\/wp-content\/uploads\/sites\/2\/2018\/01\/devaro-logo.png?fit=224%2C60&ssl=1","contentUrl":"https:\/\/i0.wp.com\/devaro-it.com\/shop\/wp-content\/uploads\/sites\/2\/2018\/01\/devaro-logo.png?fit=224%2C60&ssl=1","width":224,"height":60,"caption":"Devaro IT"},"image":{"@id":"https:\/\/devaro-it.com\/shop\/#\/schema\/logo\/image\/"}}]}},"_links":{"self":[{"href":"https:\/\/devaro-it.com\/shop\/wp-json\/wp\/v2\/product\/207"}],"collection":[{"href":"https:\/\/devaro-it.com\/shop\/wp-json\/wp\/v2\/product"}],"about":[{"href":"https:\/\/devaro-it.com\/shop\/wp-json\/wp\/v2\/types\/product"}],"wp:featuredmedia":[{"embeddable":true,"href":"https:\/\/devaro-it.com\/shop\/wp-json\/wp\/v2\/media\/293"}],"wp:attachment":[{"href":"https:\/\/devaro-it.com\/shop\/wp-json\/wp\/v2\/media?parent=207"}],"wp:term":[{"taxonomy":"product_cat","embeddable":true,"href":"https:\/\/devaro-it.com\/shop\/wp-json\/wp\/v2\/product_cat?post=207"},{"taxonomy":"product_tag","embeddable":true,"href":"https:\/\/devaro-it.com\/shop\/wp-json\/wp\/v2\/product_tag?post=207"}],"curies":[{"name":"wp","href":"https:\/\/api.w.org\/{rel}","templated":true}]}}