{"id":208,"date":"2018-02-07T10:43:15","date_gmt":"2018-02-07T10:43:15","guid":{"rendered":"https:\/\/devaro-it.com\/shop\/?post_type=product&#038;p=208"},"modified":"2019-02-13T10:06:39","modified_gmt":"2019-02-13T08:06:39","slug":"wpvp-webgains-importer","status":"publish","type":"product","link":"https:\/\/devaro-it.com\/shop\/produkt\/wpvp-webgains-importer\/","title":{"rendered":"wpVP Webgains Importer"},"content":{"rendered":"<p><b>Hinweis: Dies ist ein Addon Plugin f\u00fcr wpVoucherPro.<\/b><\/p>\n<p>Mit dem Webgains Importer f\u00fcr wpVoucherPro importierst Du Gutscheine und Partnershops der Affiliate Platform mit wenigen Klicks!<\/p>\n<h3>Verf\u00fcgbare API Einstellungen:<\/h3>\n<p><strong>API Schl\u00fcssel<\/strong><br \/>Dies ist der API-Schl\u00fcssel f\u00fcr das Benutzerkonto. Ohne API-Schl\u00fcssel k\u00f6nnen Sie die API nicht verwenden.<br \/>\n<strong>Programme<\/strong><br \/>Dieses Feld akzeptiert eine kommagetrennte Liste von Programm IDs als Eingabe.<br \/>\n<strong>Netzwerk<\/strong><br \/>Der Netzwerkparameter wird verwendet, um ein Webgains Netzwerk zu setzen. Dieser Parameter akzeptiert eine kommagetrennte Liste von Webgains Netzwerk-IDs.<br \/>\n<strong>Beigetreten<\/strong><br \/>Beschr\u00e4nken Sie die Ausgabe auf Programme, denen Sie beigetreten sind oder nicht.<br \/>\n<strong>Ignorierte Gutschein ID(s)<\/strong><br \/>\n<strong>Ignorierte Shop ID(s)<\/strong><\/p>\n","protected":false},"excerpt":{"rendered":"<p>Hinweis: Dies ist ein Addon Plugin f\u00fcr wpVoucherPro. Mit dem Webgains Importer f\u00fcr wpVoucherPro importierst Du Gutscheine und Partnershops der Affiliate Platform mit wenigen Klicks! Verf\u00fcgbare API Einstellungen: API Schl\u00fcsselDies ist der API-Schl\u00fcssel f\u00fcr das Benutzerkonto. Ohne API-Schl\u00fcssel k\u00f6nnen Sie die API nicht verwenden. ProgrammeDieses Feld akzeptiert eine kommagetrennte Liste von Programm IDs als Eingabe. [&hellip;]<\/p>\n","protected":false},"featured_media":294,"template":"","meta":{"jetpack_publicize_message":"","jetpack_publicize_feature_enabled":true,"jetpack_social_post_already_shared":true,"jetpack_social_options":{"image_generator_settings":{"template":"highway","enabled":false},"version":2}},"product_cat":[42],"product_tag":[],"class_list":{"0":"post-208","1":"product","2":"type-product","3":"status-publish","4":"has-post-thumbnail","6":"product_cat-wpvoucherpro","8":"first","9":"instock","10":"downloadable","11":"virtual","12":"taxable","13":"purchasable","14":"product-type-simple"},"jetpack_publicize_connections":[],"yoast_head":"<!-- This site is optimized with the Yoast SEO plugin v23.5 - https:\/\/yoast.com\/wordpress\/plugins\/seo\/ -->\n<title>wpVP Webgains Importer - Devaro IT Shop<\/title>\n<meta name=\"robots\" content=\"index, follow, max-snippet:-1, max-image-preview:large, max-video-preview:-1\" \/>\n<link rel=\"canonical\" href=\"https:\/\/devaro-it.com\/shop\/produkt\/wpvp-webgains-importer\/\" \/>\n<meta property=\"og:locale\" content=\"de_DE\" \/>\n<meta property=\"og:type\" content=\"article\" \/>\n<meta property=\"og:title\" content=\"wpVP Webgains Importer - Devaro IT Shop\" \/>\n<meta property=\"og:description\" content=\"Hinweis: Dies ist ein Addon Plugin f\u00fcr wpVoucherPro. Mit dem Webgains Importer f\u00fcr wpVoucherPro importierst Du Gutscheine und Partnershops der Affiliate Platform mit wenigen Klicks! Verf\u00fcgbare API Einstellungen: API Schl\u00fcsselDies ist der API-Schl\u00fcssel f\u00fcr das Benutzerkonto. Ohne API-Schl\u00fcssel k\u00f6nnen Sie die API nicht verwenden. ProgrammeDieses Feld akzeptiert eine kommagetrennte Liste von Programm IDs als Eingabe. [&hellip;]\" \/>\n<meta property=\"og:url\" content=\"https:\/\/devaro-it.com\/shop\/produkt\/wpvp-webgains-importer\/\" \/>\n<meta property=\"og:site_name\" content=\"Devaro IT Shop\" \/>\n<meta property=\"article:modified_time\" content=\"2019-02-13T08:06:39+00:00\" \/>\n<meta property=\"og:image\" content=\"https:\/\/devaro-it.com\/shop\/wp-content\/uploads\/sites\/2\/2018\/02\/webgains-importer-box.jpg\" \/>\n\t<meta property=\"og:image:width\" content=\"1000\" \/>\n\t<meta property=\"og:image:height\" content=\"1000\" \/>\n\t<meta property=\"og:image:type\" content=\"image\/jpeg\" \/>\n<meta name=\"twitter:card\" content=\"summary_large_image\" \/>\n<meta name=\"twitter:label1\" content=\"Gesch\u00e4tzte Lesezeit\" \/>\n\t<meta name=\"twitter:data1\" content=\"1\u00a0Minute\" \/>\n<script type=\"application\/ld+json\" class=\"yoast-schema-graph\">{\"@context\":\"https:\/\/schema.org\",\"@graph\":[{\"@type\":\"WebPage\",\"@id\":\"https:\/\/devaro-it.com\/shop\/produkt\/wpvp-webgains-importer\/\",\"url\":\"https:\/\/devaro-it.com\/shop\/produkt\/wpvp-webgains-importer\/\",\"name\":\"wpVP Webgains Importer - Devaro IT Shop\",\"isPartOf\":{\"@id\":\"https:\/\/devaro-it.com\/shop\/#website\"},\"primaryImageOfPage\":{\"@id\":\"https:\/\/devaro-it.com\/shop\/produkt\/wpvp-webgains-importer\/#primaryimage\"},\"image\":{\"@id\":\"https:\/\/devaro-it.com\/shop\/produkt\/wpvp-webgains-importer\/#primaryimage\"},\"thumbnailUrl\":\"https:\/\/devaro-it.com\/shop\/wp-content\/uploads\/sites\/2\/2018\/02\/webgains-importer-box.jpg\",\"datePublished\":\"2018-02-07T10:43:15+00:00\",\"dateModified\":\"2019-02-13T08:06:39+00:00\",\"breadcrumb\":{\"@id\":\"https:\/\/devaro-it.com\/shop\/produkt\/wpvp-webgains-importer\/#breadcrumb\"},\"inLanguage\":\"de\",\"potentialAction\":[{\"@type\":\"ReadAction\",\"target\":[\"https:\/\/devaro-it.com\/shop\/produkt\/wpvp-webgains-importer\/\"]}]},{\"@type\":\"ImageObject\",\"inLanguage\":\"de\",\"@id\":\"https:\/\/devaro-it.com\/shop\/produkt\/wpvp-webgains-importer\/#primaryimage\",\"url\":\"https:\/\/devaro-it.com\/shop\/wp-content\/uploads\/sites\/2\/2018\/02\/webgains-importer-box.jpg\",\"contentUrl\":\"https:\/\/devaro-it.com\/shop\/wp-content\/uploads\/sites\/2\/2018\/02\/webgains-importer-box.jpg\",\"width\":1000,\"height\":1000},{\"@type\":\"BreadcrumbList\",\"@id\":\"https:\/\/devaro-it.com\/shop\/produkt\/wpvp-webgains-importer\/#breadcrumb\",\"itemListElement\":[{\"@type\":\"ListItem\",\"position\":1,\"name\":\"Home\",\"item\":\"https:\/\/devaro-it.com\/shop\/\"},{\"@type\":\"ListItem\",\"position\":2,\"name\":\"Produkte\",\"item\":\"https:\/\/devaro-it.com\/shop\/produkte\/\"},{\"@type\":\"ListItem\",\"position\":3,\"name\":\"wpVP Webgains Importer\"}]},{\"@type\":\"WebSite\",\"@id\":\"https:\/\/devaro-it.com\/shop\/#website\",\"url\":\"https:\/\/devaro-it.com\/shop\/\",\"name\":\"Devaro IT\",\"description\":\"Devaro IT Shop f\u00fcr digitale Produkte\",\"publisher\":{\"@id\":\"https:\/\/devaro-it.com\/shop\/#organization\"},\"potentialAction\":[{\"@type\":\"SearchAction\",\"target\":{\"@type\":\"EntryPoint\",\"urlTemplate\":\"https:\/\/devaro-it.com\/shop\/?s={search_term_string}\"},\"query-input\":{\"@type\":\"PropertyValueSpecification\",\"valueRequired\":true,\"valueName\":\"search_term_string\"}}],\"inLanguage\":\"de\"},{\"@type\":\"Organization\",\"@id\":\"https:\/\/devaro-it.com\/shop\/#organization\",\"name\":\"Devaro IT\",\"url\":\"https:\/\/devaro-it.com\/shop\/\",\"logo\":{\"@type\":\"ImageObject\",\"inLanguage\":\"de\",\"@id\":\"https:\/\/devaro-it.com\/shop\/#\/schema\/logo\/image\/\",\"url\":\"https:\/\/i0.wp.com\/devaro-it.com\/shop\/wp-content\/uploads\/sites\/2\/2018\/01\/devaro-logo.png?fit=224%2C60&ssl=1\",\"contentUrl\":\"https:\/\/i0.wp.com\/devaro-it.com\/shop\/wp-content\/uploads\/sites\/2\/2018\/01\/devaro-logo.png?fit=224%2C60&ssl=1\",\"width\":224,\"height\":60,\"caption\":\"Devaro IT\"},\"image\":{\"@id\":\"https:\/\/devaro-it.com\/shop\/#\/schema\/logo\/image\/\"}}]}<\/script>\n<!-- \/ Yoast SEO plugin. -->","yoast_head_json":{"title":"wpVP Webgains Importer - Devaro IT Shop","robots":{"index":"index","follow":"follow","max-snippet":"max-snippet:-1","max-image-preview":"max-image-preview:large","max-video-preview":"max-video-preview:-1"},"canonical":"https:\/\/devaro-it.com\/shop\/produkt\/wpvp-webgains-importer\/","og_locale":"de_DE","og_type":"article","og_title":"wpVP Webgains Importer - Devaro IT Shop","og_description":"Hinweis: Dies ist ein Addon Plugin f\u00fcr wpVoucherPro. Mit dem Webgains Importer f\u00fcr wpVoucherPro importierst Du Gutscheine und Partnershops der Affiliate Platform mit wenigen Klicks! Verf\u00fcgbare API Einstellungen: API Schl\u00fcsselDies ist der API-Schl\u00fcssel f\u00fcr das Benutzerkonto. Ohne API-Schl\u00fcssel k\u00f6nnen Sie die API nicht verwenden. ProgrammeDieses Feld akzeptiert eine kommagetrennte Liste von Programm IDs als Eingabe. [&hellip;]","og_url":"https:\/\/devaro-it.com\/shop\/produkt\/wpvp-webgains-importer\/","og_site_name":"Devaro IT Shop","article_modified_time":"2019-02-13T08:06:39+00:00","og_image":[{"width":1000,"height":1000,"url":"https:\/\/devaro-it.com\/shop\/wp-content\/uploads\/sites\/2\/2018\/02\/webgains-importer-box.jpg","type":"image\/jpeg"}],"twitter_card":"summary_large_image","twitter_misc":{"Gesch\u00e4tzte Lesezeit":"1\u00a0Minute"},"schema":{"@context":"https:\/\/schema.org","@graph":[{"@type":"WebPage","@id":"https:\/\/devaro-it.com\/shop\/produkt\/wpvp-webgains-importer\/","url":"https:\/\/devaro-it.com\/shop\/produkt\/wpvp-webgains-importer\/","name":"wpVP Webgains Importer - Devaro IT Shop","isPartOf":{"@id":"https:\/\/devaro-it.com\/shop\/#website"},"primaryImageOfPage":{"@id":"https:\/\/devaro-it.com\/shop\/produkt\/wpvp-webgains-importer\/#primaryimage"},"image":{"@id":"https:\/\/devaro-it.com\/shop\/produkt\/wpvp-webgains-importer\/#primaryimage"},"thumbnailUrl":"https:\/\/devaro-it.com\/shop\/wp-content\/uploads\/sites\/2\/2018\/02\/webgains-importer-box.jpg","datePublished":"2018-02-07T10:43:15+00:00","dateModified":"2019-02-13T08:06:39+00:00","breadcrumb":{"@id":"https:\/\/devaro-it.com\/shop\/produkt\/wpvp-webgains-importer\/#breadcrumb"},"inLanguage":"de","potentialAction":[{"@type":"ReadAction","target":["https:\/\/devaro-it.com\/shop\/produkt\/wpvp-webgains-importer\/"]}]},{"@type":"ImageObject","inLanguage":"de","@id":"https:\/\/devaro-it.com\/shop\/produkt\/wpvp-webgains-importer\/#primaryimage","url":"https:\/\/devaro-it.com\/shop\/wp-content\/uploads\/sites\/2\/2018\/02\/webgains-importer-box.jpg","contentUrl":"https:\/\/devaro-it.com\/shop\/wp-content\/uploads\/sites\/2\/2018\/02\/webgains-importer-box.jpg","width":1000,"height":1000},{"@type":"BreadcrumbList","@id":"https:\/\/devaro-it.com\/shop\/produkt\/wpvp-webgains-importer\/#breadcrumb","itemListElement":[{"@type":"ListItem","position":1,"name":"Home","item":"https:\/\/devaro-it.com\/shop\/"},{"@type":"ListItem","position":2,"name":"Produkte","item":"https:\/\/devaro-it.com\/shop\/produkte\/"},{"@type":"ListItem","position":3,"name":"wpVP Webgains Importer"}]},{"@type":"WebSite","@id":"https:\/\/devaro-it.com\/shop\/#website","url":"https:\/\/devaro-it.com\/shop\/","name":"Devaro IT","description":"Devaro IT Shop f\u00fcr digitale Produkte","publisher":{"@id":"https:\/\/devaro-it.com\/shop\/#organization"},"potentialAction":[{"@type":"SearchAction","target":{"@type":"EntryPoint","urlTemplate":"https:\/\/devaro-it.com\/shop\/?s={search_term_string}"},"query-input":{"@type":"PropertyValueSpecification","valueRequired":true,"valueName":"search_term_string"}}],"inLanguage":"de"},{"@type":"Organization","@id":"https:\/\/devaro-it.com\/shop\/#organization","name":"Devaro IT","url":"https:\/\/devaro-it.com\/shop\/","logo":{"@type":"ImageObject","inLanguage":"de","@id":"https:\/\/devaro-it.com\/shop\/#\/schema\/logo\/image\/","url":"https:\/\/i0.wp.com\/devaro-it.com\/shop\/wp-content\/uploads\/sites\/2\/2018\/01\/devaro-logo.png?fit=224%2C60&ssl=1","contentUrl":"https:\/\/i0.wp.com\/devaro-it.com\/shop\/wp-content\/uploads\/sites\/2\/2018\/01\/devaro-logo.png?fit=224%2C60&ssl=1","width":224,"height":60,"caption":"Devaro IT"},"image":{"@id":"https:\/\/devaro-it.com\/shop\/#\/schema\/logo\/image\/"}}]}},"_links":{"self":[{"href":"https:\/\/devaro-it.com\/shop\/wp-json\/wp\/v2\/product\/208"}],"collection":[{"href":"https:\/\/devaro-it.com\/shop\/wp-json\/wp\/v2\/product"}],"about":[{"href":"https:\/\/devaro-it.com\/shop\/wp-json\/wp\/v2\/types\/product"}],"wp:featuredmedia":[{"embeddable":true,"href":"https:\/\/devaro-it.com\/shop\/wp-json\/wp\/v2\/media\/294"}],"wp:attachment":[{"href":"https:\/\/devaro-it.com\/shop\/wp-json\/wp\/v2\/media?parent=208"}],"wp:term":[{"taxonomy":"product_cat","embeddable":true,"href":"https:\/\/devaro-it.com\/shop\/wp-json\/wp\/v2\/product_cat?post=208"},{"taxonomy":"product_tag","embeddable":true,"href":"https:\/\/devaro-it.com\/shop\/wp-json\/wp\/v2\/product_tag?post=208"}],"curies":[{"name":"wp","href":"https:\/\/api.w.org\/{rel}","templated":true}]}}