{"id":28,"date":"2017-12-19T15:39:58","date_gmt":"2017-12-19T15:39:58","guid":{"rendered":"https:\/\/devaro-it.com\/b2c-shop\/?post_type=product&#038;p=28"},"modified":"2020-02-21T01:13:32","modified_gmt":"2020-02-20T23:13:32","slug":"wpvoucherpro","status":"publish","type":"product","link":"https:\/\/devaro-it.com\/shop\/produkt\/wpvoucherpro\/","title":{"rendered":"wpVoucherPro"},"content":{"rendered":"<p>wpVoucherPro bildet den Kern f\u00fcr alle weiteren wpVoucherPro Plugins &#038; Themes. Dieses Plugin wird ben\u00f6tigt um andere wpVoucherPro Plugins und Themes nutzen zu k\u00f6nnen. Das Plugin erweitert deinen Blog oder deine Website um ein vollwertiges Verwaltungssystem f\u00fcr Gutscheine &#038; Shops.<\/p>\n","protected":false},"excerpt":{"rendered":"<p>wpVoucherPro ist das Gutschein Plugin f\u00fcr Wordpress mit dem Du ganz einfach Dein eigenes Gutschein Portal erstellen kannst. Es liefert unter anderem API Anbindungen zu diversen Affiliate Netzwerken (zus\u00e4tzliche Importer Plugins) und erm\u00f6glicht Dir so ein fast vollkommen automatisiertes Gutschein Management. Das Plugin unterst\u00fctzt au\u00dferdem diverse auf themeforest.net erh\u00e4ltliche Themes f\u00fcr Gutschein Seiten wie z.B. Couponer &amp; Couponize.<\/p>\n","protected":false},"featured_media":287,"template":"","meta":{"jetpack_publicize_message":"","jetpack_publicize_feature_enabled":true,"jetpack_social_post_already_shared":true,"jetpack_social_options":{"image_generator_settings":{"template":"highway","enabled":false},"version":2}},"product_cat":[42],"product_tag":[],"class_list":{"0":"post-28","1":"product","2":"type-product","3":"status-publish","4":"has-post-thumbnail","6":"product_cat-wpvoucherpro","8":"first","9":"instock","10":"featured","11":"downloadable","12":"virtual","13":"taxable","14":"purchasable","15":"product-type-simple"},"jetpack_publicize_connections":[],"yoast_head":"<!-- This site is optimized with the Yoast SEO plugin v23.5 - https:\/\/yoast.com\/wordpress\/plugins\/seo\/ -->\n<title>wpVoucherPro - Devaro IT Shop<\/title>\n<meta name=\"robots\" content=\"index, follow, max-snippet:-1, max-image-preview:large, max-video-preview:-1\" \/>\n<link rel=\"canonical\" href=\"https:\/\/devaro-it.com\/shop\/produkt\/wpvoucherpro\/\" \/>\n<meta property=\"og:locale\" content=\"de_DE\" \/>\n<meta property=\"og:type\" content=\"article\" \/>\n<meta property=\"og:title\" content=\"wpVoucherPro - Devaro IT Shop\" \/>\n<meta property=\"og:description\" content=\"wpVoucherPro ist das Gutschein Plugin f\u00fcr Wordpress mit dem Du ganz einfach Dein eigenes Gutschein Portal erstellen kannst. Es liefert unter anderem API Anbindungen zu diversen Affiliate Netzwerken (zus\u00e4tzliche Importer Plugins) und erm\u00f6glicht Dir so ein fast vollkommen automatisiertes Gutschein Management. Das Plugin unterst\u00fctzt au\u00dferdem diverse auf themeforest.net erh\u00e4ltliche Themes f\u00fcr Gutschein Seiten wie z.B. Couponer &amp; Couponize.\" \/>\n<meta property=\"og:url\" content=\"https:\/\/devaro-it.com\/shop\/produkt\/wpvoucherpro\/\" \/>\n<meta property=\"og:site_name\" content=\"Devaro IT Shop\" \/>\n<meta property=\"article:modified_time\" content=\"2020-02-20T23:13:32+00:00\" \/>\n<meta property=\"og:image\" content=\"https:\/\/devaro-it.com\/shop\/wp-content\/uploads\/sites\/2\/2017\/12\/wpvp-main-plugin-box.jpg\" \/>\n\t<meta property=\"og:image:width\" content=\"1000\" \/>\n\t<meta property=\"og:image:height\" content=\"1000\" \/>\n\t<meta property=\"og:image:type\" content=\"image\/jpeg\" \/>\n<meta name=\"twitter:card\" content=\"summary_large_image\" \/>\n<script type=\"application\/ld+json\" class=\"yoast-schema-graph\">{\"@context\":\"https:\/\/schema.org\",\"@graph\":[{\"@type\":\"WebPage\",\"@id\":\"https:\/\/devaro-it.com\/shop\/produkt\/wpvoucherpro\/\",\"url\":\"https:\/\/devaro-it.com\/shop\/produkt\/wpvoucherpro\/\",\"name\":\"wpVoucherPro - Devaro IT Shop\",\"isPartOf\":{\"@id\":\"https:\/\/devaro-it.com\/shop\/#website\"},\"primaryImageOfPage\":{\"@id\":\"https:\/\/devaro-it.com\/shop\/produkt\/wpvoucherpro\/#primaryimage\"},\"image\":{\"@id\":\"https:\/\/devaro-it.com\/shop\/produkt\/wpvoucherpro\/#primaryimage\"},\"thumbnailUrl\":\"https:\/\/devaro-it.com\/shop\/wp-content\/uploads\/sites\/2\/2017\/12\/wpvp-main-plugin-box.jpg\",\"datePublished\":\"2017-12-19T15:39:58+00:00\",\"dateModified\":\"2020-02-20T23:13:32+00:00\",\"breadcrumb\":{\"@id\":\"https:\/\/devaro-it.com\/shop\/produkt\/wpvoucherpro\/#breadcrumb\"},\"inLanguage\":\"de\",\"potentialAction\":[{\"@type\":\"ReadAction\",\"target\":[\"https:\/\/devaro-it.com\/shop\/produkt\/wpvoucherpro\/\"]}]},{\"@type\":\"ImageObject\",\"inLanguage\":\"de\",\"@id\":\"https:\/\/devaro-it.com\/shop\/produkt\/wpvoucherpro\/#primaryimage\",\"url\":\"https:\/\/devaro-it.com\/shop\/wp-content\/uploads\/sites\/2\/2017\/12\/wpvp-main-plugin-box.jpg\",\"contentUrl\":\"https:\/\/devaro-it.com\/shop\/wp-content\/uploads\/sites\/2\/2017\/12\/wpvp-main-plugin-box.jpg\",\"width\":1000,\"height\":1000},{\"@type\":\"BreadcrumbList\",\"@id\":\"https:\/\/devaro-it.com\/shop\/produkt\/wpvoucherpro\/#breadcrumb\",\"itemListElement\":[{\"@type\":\"ListItem\",\"position\":1,\"name\":\"Home\",\"item\":\"https:\/\/devaro-it.com\/shop\/\"},{\"@type\":\"ListItem\",\"position\":2,\"name\":\"Produkte\",\"item\":\"https:\/\/devaro-it.com\/shop\/produkte\/\"},{\"@type\":\"ListItem\",\"position\":3,\"name\":\"wpVoucherPro\"}]},{\"@type\":\"WebSite\",\"@id\":\"https:\/\/devaro-it.com\/shop\/#website\",\"url\":\"https:\/\/devaro-it.com\/shop\/\",\"name\":\"Devaro IT\",\"description\":\"Devaro IT Shop f\u00fcr digitale Produkte\",\"publisher\":{\"@id\":\"https:\/\/devaro-it.com\/shop\/#organization\"},\"potentialAction\":[{\"@type\":\"SearchAction\",\"target\":{\"@type\":\"EntryPoint\",\"urlTemplate\":\"https:\/\/devaro-it.com\/shop\/?s={search_term_string}\"},\"query-input\":{\"@type\":\"PropertyValueSpecification\",\"valueRequired\":true,\"valueName\":\"search_term_string\"}}],\"inLanguage\":\"de\"},{\"@type\":\"Organization\",\"@id\":\"https:\/\/devaro-it.com\/shop\/#organization\",\"name\":\"Devaro IT\",\"url\":\"https:\/\/devaro-it.com\/shop\/\",\"logo\":{\"@type\":\"ImageObject\",\"inLanguage\":\"de\",\"@id\":\"https:\/\/devaro-it.com\/shop\/#\/schema\/logo\/image\/\",\"url\":\"https:\/\/i0.wp.com\/devaro-it.com\/shop\/wp-content\/uploads\/sites\/2\/2018\/01\/devaro-logo.png?fit=224%2C60&ssl=1\",\"contentUrl\":\"https:\/\/i0.wp.com\/devaro-it.com\/shop\/wp-content\/uploads\/sites\/2\/2018\/01\/devaro-logo.png?fit=224%2C60&ssl=1\",\"width\":224,\"height\":60,\"caption\":\"Devaro IT\"},\"image\":{\"@id\":\"https:\/\/devaro-it.com\/shop\/#\/schema\/logo\/image\/\"}}]}<\/script>\n<!-- \/ Yoast SEO plugin. -->","yoast_head_json":{"title":"wpVoucherPro - Devaro IT Shop","robots":{"index":"index","follow":"follow","max-snippet":"max-snippet:-1","max-image-preview":"max-image-preview:large","max-video-preview":"max-video-preview:-1"},"canonical":"https:\/\/devaro-it.com\/shop\/produkt\/wpvoucherpro\/","og_locale":"de_DE","og_type":"article","og_title":"wpVoucherPro - Devaro IT Shop","og_description":"wpVoucherPro ist das Gutschein Plugin f\u00fcr Wordpress mit dem Du ganz einfach Dein eigenes Gutschein Portal erstellen kannst. Es liefert unter anderem API Anbindungen zu diversen Affiliate Netzwerken (zus\u00e4tzliche Importer Plugins) und erm\u00f6glicht Dir so ein fast vollkommen automatisiertes Gutschein Management. Das Plugin unterst\u00fctzt au\u00dferdem diverse auf themeforest.net erh\u00e4ltliche Themes f\u00fcr Gutschein Seiten wie z.B. Couponer &amp; Couponize.","og_url":"https:\/\/devaro-it.com\/shop\/produkt\/wpvoucherpro\/","og_site_name":"Devaro IT Shop","article_modified_time":"2020-02-20T23:13:32+00:00","og_image":[{"width":1000,"height":1000,"url":"https:\/\/devaro-it.com\/shop\/wp-content\/uploads\/sites\/2\/2017\/12\/wpvp-main-plugin-box.jpg","type":"image\/jpeg"}],"twitter_card":"summary_large_image","schema":{"@context":"https:\/\/schema.org","@graph":[{"@type":"WebPage","@id":"https:\/\/devaro-it.com\/shop\/produkt\/wpvoucherpro\/","url":"https:\/\/devaro-it.com\/shop\/produkt\/wpvoucherpro\/","name":"wpVoucherPro - Devaro IT Shop","isPartOf":{"@id":"https:\/\/devaro-it.com\/shop\/#website"},"primaryImageOfPage":{"@id":"https:\/\/devaro-it.com\/shop\/produkt\/wpvoucherpro\/#primaryimage"},"image":{"@id":"https:\/\/devaro-it.com\/shop\/produkt\/wpvoucherpro\/#primaryimage"},"thumbnailUrl":"https:\/\/devaro-it.com\/shop\/wp-content\/uploads\/sites\/2\/2017\/12\/wpvp-main-plugin-box.jpg","datePublished":"2017-12-19T15:39:58+00:00","dateModified":"2020-02-20T23:13:32+00:00","breadcrumb":{"@id":"https:\/\/devaro-it.com\/shop\/produkt\/wpvoucherpro\/#breadcrumb"},"inLanguage":"de","potentialAction":[{"@type":"ReadAction","target":["https:\/\/devaro-it.com\/shop\/produkt\/wpvoucherpro\/"]}]},{"@type":"ImageObject","inLanguage":"de","@id":"https:\/\/devaro-it.com\/shop\/produkt\/wpvoucherpro\/#primaryimage","url":"https:\/\/devaro-it.com\/shop\/wp-content\/uploads\/sites\/2\/2017\/12\/wpvp-main-plugin-box.jpg","contentUrl":"https:\/\/devaro-it.com\/shop\/wp-content\/uploads\/sites\/2\/2017\/12\/wpvp-main-plugin-box.jpg","width":1000,"height":1000},{"@type":"BreadcrumbList","@id":"https:\/\/devaro-it.com\/shop\/produkt\/wpvoucherpro\/#breadcrumb","itemListElement":[{"@type":"ListItem","position":1,"name":"Home","item":"https:\/\/devaro-it.com\/shop\/"},{"@type":"ListItem","position":2,"name":"Produkte","item":"https:\/\/devaro-it.com\/shop\/produkte\/"},{"@type":"ListItem","position":3,"name":"wpVoucherPro"}]},{"@type":"WebSite","@id":"https:\/\/devaro-it.com\/shop\/#website","url":"https:\/\/devaro-it.com\/shop\/","name":"Devaro IT","description":"Devaro IT Shop f\u00fcr digitale Produkte","publisher":{"@id":"https:\/\/devaro-it.com\/shop\/#organization"},"potentialAction":[{"@type":"SearchAction","target":{"@type":"EntryPoint","urlTemplate":"https:\/\/devaro-it.com\/shop\/?s={search_term_string}"},"query-input":{"@type":"PropertyValueSpecification","valueRequired":true,"valueName":"search_term_string"}}],"inLanguage":"de"},{"@type":"Organization","@id":"https:\/\/devaro-it.com\/shop\/#organization","name":"Devaro IT","url":"https:\/\/devaro-it.com\/shop\/","logo":{"@type":"ImageObject","inLanguage":"de","@id":"https:\/\/devaro-it.com\/shop\/#\/schema\/logo\/image\/","url":"https:\/\/i0.wp.com\/devaro-it.com\/shop\/wp-content\/uploads\/sites\/2\/2018\/01\/devaro-logo.png?fit=224%2C60&ssl=1","contentUrl":"https:\/\/i0.wp.com\/devaro-it.com\/shop\/wp-content\/uploads\/sites\/2\/2018\/01\/devaro-logo.png?fit=224%2C60&ssl=1","width":224,"height":60,"caption":"Devaro IT"},"image":{"@id":"https:\/\/devaro-it.com\/shop\/#\/schema\/logo\/image\/"}}]}},"_links":{"self":[{"href":"https:\/\/devaro-it.com\/shop\/wp-json\/wp\/v2\/product\/28"}],"collection":[{"href":"https:\/\/devaro-it.com\/shop\/wp-json\/wp\/v2\/product"}],"about":[{"href":"https:\/\/devaro-it.com\/shop\/wp-json\/wp\/v2\/types\/product"}],"wp:featuredmedia":[{"embeddable":true,"href":"https:\/\/devaro-it.com\/shop\/wp-json\/wp\/v2\/media\/287"}],"wp:attachment":[{"href":"https:\/\/devaro-it.com\/shop\/wp-json\/wp\/v2\/media?parent=28"}],"wp:term":[{"taxonomy":"product_cat","embeddable":true,"href":"https:\/\/devaro-it.com\/shop\/wp-json\/wp\/v2\/product_cat?post=28"},{"taxonomy":"product_tag","embeddable":true,"href":"https:\/\/devaro-it.com\/shop\/wp-json\/wp\/v2\/product_tag?post=28"}],"curies":[{"name":"wp","href":"https:\/\/api.w.org\/{rel}","templated":true}]}}